{"id":256663,"date":"2023-08-10T08:20:14","date_gmt":"2023-08-10T08:20:14","guid":{"rendered":"https:\/\/www.versaspanish.com\/preguntas-mas-frecuentes\/"},"modified":"2024-07-23T10:55:01","modified_gmt":"2024-07-23T10:55:01","slug":"preguntas-mas-frecuentes","status":"publish","type":"page","link":"https:\/\/www.versaspanish.com\/es\/preguntas-mas-frecuentes\/","title":{"rendered":"Faqs"},"content":{"rendered":"<p>[et_pb_section fb_built=\u00bb1&#8243; disabled_on=\u00bbon|off|off\u00bb _builder_version=\u00bb4.22.1&#8243; _module_preset=\u00bbdefault\u00bb background_color=\u00bbRGBA(255,255,255,0)\u00bb background_enable_image=\u00bboff\u00bb background_size=\u00bbinitial\u00bb background_position=\u00bbtop_center\u00bb background_repeat=\u00bbrepeat-y\u00bb custom_padding=\u00bb0px||0px|||\u00bb global_colors_info=\u00bb{}\u00bb][et_pb_row column_structure=\u00bb1_3,2_3&#8243; _builder_version=\u00bb4.22.1&#8243; _module_preset=\u00bbdefault\u00bb width=\u00bb100%\u00bb max_width=\u00bb2000px\u00bb custom_padding=\u00bb0px|5%|0px|5%|false|true\u00bb global_colors_info=\u00bb{}\u00bb][et_pb_column type=\u00bb1_3&#8243; _builder_version=\u00bb4.21.0&#8243; _module_preset=\u00bbdefault\u00bb global_colors_info=\u00bb{}\u00bb][\/et_pb_column][et_pb_column type=\u00bb2_3&#8243; _builder_version=\u00bb4.21.0&#8243; _module_preset=\u00bbdefault\u00bb global_colors_info=\u00bb{}\u00bb][\/et_pb_column][\/et_pb_row][\/et_pb_section][et_pb_section fb_built=\u00bb1&#8243; _builder_version=\u00bb4.22.1&#8243; _module_preset=\u00bbdefault\u00bb background_color=\u00bbRGBA(255,255,255,0)\u00bb background_enable_image=\u00bboff\u00bb background_size=\u00bbinitial\u00bb background_position=\u00bbtop_left\u00bb background_horizontal_offset=\u00bb35%\u00bb background_repeat=\u00bbrepeat-y\u00bb module_alignment=\u00bbcenter\u00bb custom_margin=\u00bb-5%||||false|false\u00bb custom_margin_tablet=\u00bb-25%||||false|false\u00bb custom_margin_phone=\u00bb0%||||false|false\u00bb custom_margin_last_edited=\u00bbon|phone\u00bb background_last_edited=\u00bbon|phone\u00bb background_size_tablet=\u00bbcontain\u00bb background_size_phone=\u00bbcover\u00bb background_image_width_tablet=\u00bb100%\u00bb background_image_width_phone=\u00bb140%\u00bb background_repeat_tablet=\u00bbno-repeat\u00bb background_repeat_phone=\u00bbrepeat-y\u00bb global_colors_info=\u00bb{}\u00bb][et_pb_row column_structure=\u00bb3_5,2_5&#8243; _builder_version=\u00bb4.22.1&#8243; _module_preset=\u00bbdefault\u00bb background_color=\u00bbRGBA(255,255,255,0)\u00bb background_image=\u00bbhttps:\/\/www.versaspanish.com\/wp-content\/uploads\/2023\/09\/Fondo-Gris-02.png\u00bb background_size=\u00bbinitial\u00bb background_position=\u00bbtop_left\u00bb background_repeat=\u00bbrepeat-y\u00bb width=\u00bb100%\u00bb max_width=\u00bb2000px\u00bb custom_margin=\u00bb1%||10%||false|false\u00bb custom_padding=\u00bb||||false|false\u00bb background_last_edited=\u00bbon|tablet\u00bb background_size_phone=\u00bbcustom\u00bb background_image_width_phone=\u00bb220%\u00bb background_horizontal_offset_tablet=\u00bb50%\u00bb background_horizontal_offset_phone=\u00bb35%\u00bb background_repeat_tablet=\u00bbrepeat-y\u00bb saved_tabs=\u00bball\u00bb global_colors_info=\u00bb{}\u00bb][et_pb_column type=\u00bb3_5&#8243; _builder_version=\u00bb4.21.0&#8243; _module_preset=\u00bbdefault\u00bb global_colors_info=\u00bb{}\u00bb][et_pb_text _builder_version=\u00bb4.25.1&#8243; _module_preset=\u00bbdefault\u00bb text_font_size=\u00bb16px\u00bb header_font=\u00bb|700|||||||\u00bb header_text_color=\u00bb#3c3c3c\u00bb header_font_size=\u00bb48px\u00bb header_line_height=\u00bb56px\u00bb custom_margin=\u00bb5%|||7%|false|false\u00bb global_colors_info=\u00bb{}\u00bb]<\/p>\n<h1>FAQS<\/h1>\n<p>[\/et_pb_text][et_pb_accordion open_toggle_text_color=\u00bb#3c3c3c\u00bb open_toggle_background_color=\u00bbRGBA(255,255,255,0)\u00bb closed_toggle_text_color=\u00bb#3c3c3c\u00bb closed_toggle_background_color=\u00bbRGBA(255,255,255,0)\u00bb toggle_icon=\u00bb&#x50;||divi||400&#8243; icon_color=\u00bb#3c3c3c\u00bb use_icon_font_size=\u00bbon\u00bb icon_font_size=\u00bb26px\u00bb module_class=\u00bbpreguntas\u00bb _builder_version=\u00bb4.27.0&#8243; _module_preset=\u00bbdefault\u00bb toggle_level=\u00bbh2&#8243; toggle_font=\u00bbRoboto|700|||||||\u00bb toggle_font_size=\u00bb24px\u00bb closed_toggle_font=\u00bb|700|||||||\u00bb closed_toggle_font_size=\u00bb24px\u00bb body_font=\u00bbRoboto||||||||\u00bb body_text_color=\u00bb#565656&#8243; body_font_size=\u00bb16px\u00bb background_color=\u00bbRGBA(255,255,255,0)\u00bb custom_margin=\u00bb5%|5%|5%|5%|true|true\u00bb hover_enabled=\u00bb0&#8243; border_width_all=\u00bb0px\u00bb global_colors_info=\u00bb{}\u00bb sticky_enabled=\u00bb0&#8243;][et_pb_accordion_item title=\u00bb\u00bfQu\u00e9 es un curso intensivo de idiomas?\u00bb open=\u00bbon\u00bb _builder_version=\u00bb4.25.1&#8243; _module_preset=\u00bbdefault\u00bb global_colors_info=\u00bb{}\u00bb]<\/p>\n<p><span>Un curso intensivo de idiomas es un programa que ofrece una instrucci\u00f3n enfocada en el idioma con un ritmo de aprendizaje acelerado y dise\u00f1ado<\/span><span class=\"Apple-converted-space\">\u00a0<span>\u00a0<\/span><\/span><span>para ayudar a los estudiantes a lograr un progreso significativo en un per\u00edodo relativamente corto de tiempo.<\/span><\/p>\n<p>[\/et_pb_accordion_item][et_pb_accordion_item title=\u00bb\u00bfCu\u00e1nto dura un curso intensivo de espa\u00f1ol?\u00bb _builder_version=\u00bb4.25.1&#8243; _module_preset=\u00bbdefault\u00bb global_colors_info=\u00bb{}\u00bb open=\u00bboff\u00bb]<\/p>\n<p><span>La duraci\u00f3n de los cursos intensivos de espa\u00f1ol var\u00eda de 4 a 6 semanas. La duraci\u00f3n espec\u00edfica depende del programa y del nivel de competencia ling\u00fc\u00edstica deseado.<\/span><\/p>\n<p>[\/et_pb_accordion_item][et_pb_accordion_item title=\u00bb\u00bfPuedo unirme a un curso intensivo sin conocimientos previos del idioma?\u00bb _builder_version=\u00bb4.25.1&#8243; _module_preset=\u00bbdefault\u00bb global_colors_info=\u00bb{}\u00bb open=\u00bboff\u00bb]<\/p>\n<p class=\"p1\">S\u00ed, ofrecemos cursos intensivos para principiantes. Estos cursos est\u00e1n dise\u00f1ados para proporcionar una base s\u00f3lida en el idioma y ayudar a los estudiantes a desarrollar habilidades b\u00e1sicas de hablar, escuchar, leer y escribir.<\/p>\n<p>[\/et_pb_accordion_item][et_pb_accordion_item title=\u00bb\u00bfCu\u00e1les son los beneficios de tomar un curso intensivo?\u00bb _builder_version=\u00bb4.25.1&#8243; _module_preset=\u00bbdefault\u00bb global_colors_info=\u00bb{}\u00bb open=\u00bboff\u00bb]<\/p>\n<p class=\"p1\">El mayor beneficio es, y sobre todo en los primeros niveles, que aprendes m\u00e1s r\u00e1pido lo que te aportar\u00e1 m\u00e1s seguridad y confianza a la hora de establecer contacto con los hablantes nativos que te rodean.<\/p>\n<p>[\/et_pb_accordion_item][et_pb_accordion_item title=\u00bb\u00bfCu\u00e1ntas horas de instrucci\u00f3n se incluyen t\u00edpicamente en un curso intensivo?\u00bb _builder_version=\u00bb4.25.1&#8243; _module_preset=\u00bbdefault\u00bb global_colors_info=\u00bb{}\u00bb open=\u00bboff\u00bb]<\/p>\n<p class=\"p1\">Nuestros cursos intensivos de espa\u00f1ol van desde 20 a 25 sesiones de 50 minutos a la semana.<\/p>\n<p>[\/et_pb_accordion_item][et_pb_accordion_item title=\u00bb\u00bfQu\u00e9 m\u00e9todos de ense\u00f1anza utiliza VERSA?\u00bb _builder_version=\u00bb4.25.1&#8243; _module_preset=\u00bbdefault\u00bb global_colors_info=\u00bb{}\u00bb open=\u00bboff\u00bb]<\/p>\n<p class=\"p1\"><span>Empleamos una variedad de m\u00e9todos de ense\u00f1anza, que incluyen actividades interactivas en el aula y fuera de ella, pr\u00e1ctica conversacional desde el primer momento, , recursos multimedia y simulaciones de la vida real para mejorar el aprendizaje del idioma.<\/span><\/p>\n<p>[\/et_pb_accordion_item][et_pb_accordion_item title=\u00bb\u00bfPuedo recibir un certificado al completar un curso de espa\u00f1ol?\u00bb _builder_version=\u00bb4.25.1&#8243; _module_preset=\u00bbdefault\u00bb global_colors_info=\u00bb{}\u00bb open=\u00bboff\u00bb]<\/p>\n<p class=\"p1\"><span>S\u00ed, proporcionamos un certificado al completar con \u00e9xito cada curso de espa\u00f1ol. Este certificado sirve como reconocimiento de tu dedicaci\u00f3n y progreso en el dominio del idioma. Sin embargo, si est\u00e1s buscando espec\u00edficamente un certificado DELE (Diploma de Espa\u00f1ol como Lengua Extranjera) oficial, te recomendamos que realices el examen DELE oficial. Nuestros instructores te servir\u00e1n de gu\u00eda para el examen. Te ayudar\u00e1n a inscribirte y elegir un centro de examen. Tambi\u00e9n te ayudar\u00e1n a prepararte para que apruebes el examen. De esta manera, puedes obtener una credencial reconocida internacionalmente que valide tu competencia en espa\u00f1ol.<\/span><\/p>\n<p>[\/et_pb_accordion_item][et_pb_accordion_item title=\u00bb\u00bfQu\u00e9 resultados satisfactorios puedo adquirir en mis habilidades ling\u00fc\u00edsticas despu\u00e9s de completar su curso de espa\u00f1ol?\u00bb _builder_version=\u00bb4.25.1&#8243; _module_preset=\u00bbdefault\u00bb global_colors_info=\u00bb{}\u00bb open=\u00bboff\u00bb]<\/p>\n<p class=\"p1\"><span>Siempre vas a tener resultados satisfactorios. No obstante, hay que valorar los siguientes factores que puedan influir en tu aprendizaje:<\/span><span class=\"Apple-converted-space\">\u00a0<span>\u00a0<\/span><\/span><span>la duraci\u00f3n del curso, el esfuerzo y dedicaci\u00f3n del estudiante, conocimientos previos del idioma y habilidades de aprendizaje individuales.<\/span><\/p>\n<p>[\/et_pb_accordion_item][et_pb_accordion_item title=\u00bb\u00bfPuedo combinar un curso intensivo de espa\u00f1ol con otras actividades o trabajo mientras estudio en el extranjero?\u00bb _builder_version=\u00bb4.25.1&#8243; _module_preset=\u00bbdefault\u00bb global_colors_info=\u00bb{}\u00bb open=\u00bboff\u00bb]<\/p>\n<p class=\"p3\">S\u00ed, ofrecemos opciones de cursos flexibles y actividades extracurriculares, lo que permite a los estudiantes equilibrar sus estudios con otras actividades o trabajo a tiempo parcial. Sin embargo, es importante asegurarse de que tus compromisos no afecten negativamente tu experiencia de aprendizaje del idioma.<\/p>\n<p>[\/et_pb_accordion_item][et_pb_accordion_item title=\u00bb\u00bfD\u00f3nde puedo consultar los t\u00e9rminos y condiciones de VERSA?\u00bb _builder_version=\u00bb4.27.0&#8243; _module_preset=\u00bbdefault\u00bb hover_enabled=\u00bb0&#8243; global_colors_info=\u00bb{}\u00bb open=\u00bboff\u00bb sticky_enabled=\u00bb0&#8243;]<\/p>\n<p class=\"p3\"><span>Para garantizar una experiencia transparente y sin problemas, te animamos a familiarizarte con nuestros t\u00e9rminos y condiciones. Al comprender nuestras pol\u00edticas, puedes tomar decisiones seguras y participar de nuestros servicios con confianza.<\/span><\/p>\n<p class=\"p3\"><span><a href=\"https:\/\/www.versaspanish.com\/es\/terminos-y-condiciones\/\" >Haz clic aqu\u00ed<\/a>\u00a0para acceder a nuestros t\u00e9rminos y condiciones.<\/span><\/p>\n<p>[\/et_pb_accordion_item][\/et_pb_accordion][et_pb_text _builder_version=\u00bb4.25.1&#8243; _module_preset=\u00bbdefault\u00bb link_font=\u00bb|700|||on||||\u00bb link_text_color=\u00bb#67C1B9&#8243; header_2_font=\u00bbRoboto|900|||||||\u00bb header_2_text_color=\u00bb#67C1B9&#8243; header_2_font_size=\u00bb30px\u00bb width=\u00bb70%\u00bb custom_margin_last_edited=\u00bboff|desktop\u00bb custom_padding=\u00bb|5%||5%|false|true\u00bb custom_padding_tablet=\u00bb3%||3%||true|true\u00bb custom_padding_phone=\u00bb3%||3%||true|true\u00bb custom_padding_last_edited=\u00bbon|phone\u00bb global_colors_info=\u00bb{}\u00bb]<\/p>\n<p><span class=\"s1\"><b>Si tienes alguna pregunta o necesitas m\u00e1s aclaraciones, nuestro equipo de atenci\u00f3n al cliente est\u00e1 listo para ayudarte. No dudes en contactarnos. Valoramos tu confianza y tenemos como objetivo proporcionarte una experiencia inolvidable a lo largo de tu curso con VERSA.<\/b><\/span><\/p>\n<p>[\/et_pb_text][et_pb_button button_url=\u00bb@ET-DC@eyJkeW5hbWljIjp0cnVlLCJjb250ZW50IjoicG9zdF9saW5rX3VybF9wYWdlIiwic2V0dGluZ3MiOnsicG9zdF9pZCI6IjI1NTU5MCJ9fQ==@\u00bb button_text=\u00bbContacto\u00bb button_alignment=\u00bbleft\u00bb _builder_version=\u00bb4.25.1&#8243; _dynamic_attributes=\u00bbbutton_url\u00bb _module_preset=\u00bbdefault\u00bb custom_button=\u00bbon\u00bb button_text_color=\u00bb#000000&#8243; button_bg_color=\u00bb#ffc700&#8243; button_border_width=\u00bb0px\u00bb button_border_radius=\u00bb0px\u00bb button_letter_spacing=\u00bb1px\u00bb button_font=\u00bbRoboto||||||||\u00bb button_icon=\u00bb&#x24;||divi||400&#8243; button_on_hover=\u00bboff\u00bb custom_margin=\u00bb||20%|5%|false|false\u00bb custom_margin_tablet=\u00bb||10%||false|false\u00bb custom_margin_phone=\u00bb||20%||false|false\u00bb custom_margin_last_edited=\u00bbon|phone\u00bb custom_padding=\u00bb||||false|false\u00bb custom_padding_tablet=\u00bb||||false|false\u00bb custom_padding_phone=\u00bb||||false|false\u00bb custom_padding_last_edited=\u00bbon|desktop\u00bb animation_style=\u00bbslide\u00bb animation_direction=\u00bbbottom\u00bb animation_duration=\u00bb1500ms\u00bb animation_delay=\u00bb200ms\u00bb animation_intensity_slide=\u00bb80%\u00bb button_bg_color_tablet=\u00bb#1D1D1B\u00bb button_bg_color_phone=\u00bb#000000&#8243; button_bg_color_last_edited=\u00bbon|tablet\u00bb locked=\u00bboff\u00bb global_colors_info=\u00bb{}\u00bb button_bg_color__hover=\u00bb#000000&#8243; button_bg_color__hover_enabled=\u00bbon|desktop\u00bb][\/et_pb_button][et_pb_image src=\u00bbhttps:\/\/www.versaspanish.com\/wp-content\/uploads\/2023\/08\/Star-01.png\u00bb title_text=\u00bbStar 01&#8243; align=\u00bbcenter\u00bb _builder_version=\u00bb4.21.2&#8243; _module_preset=\u00bbdefault\u00bb positioning=\u00bbabsolute\u00bb position_origin_a=\u00bbbottom_right\u00bb vertical_offset=\u00bb10%\u00bb horizontal_offset=\u00bb-80%\u00bb z_index=\u00bb-500&#8243; vertical_offset_tablet=\u00bb10%\u00bb vertical_offset_phone=\u00bb10%\u00bb vertical_offset_last_edited=\u00bbon|desktop\u00bb horizontal_offset_tablet=\u00bb25%\u00bb horizontal_offset_phone=\u00bb0%\u00bb horizontal_offset_last_edited=\u00bbon|phone\u00bb position_origin_a_tablet=\u00bbbottom_right\u00bb position_origin_a_phone=\u00bbbottom_right\u00bb position_origin_a_last_edited=\u00bbon|desktop\u00bb position_origin_f_tablet=\u00bb\u00bb position_origin_f_phone=\u00bb\u00bb position_origin_f_last_edited=\u00bbon|desktop\u00bb position_origin_r_tablet=\u00bb\u00bb position_origin_r_phone=\u00bb\u00bb position_origin_r_last_edited=\u00bbon|desktop\u00bb width=\u00bb100%\u00bb scroll_rotating_enable=\u00bbon\u00bb scroll_rotating=\u00bb0|50|50|100|0\u00b0|0|90\u00b0\u00bb positioning_tablet=\u00bbrelative\u00bb positioning_phone=\u00bbrelative\u00bb positioning_last_edited=\u00bbon|phone\u00bb global_colors_info=\u00bb{}\u00bb][\/et_pb_image][et_pb_image src=\u00bbhttps:\/\/www.versaspanish.com\/wp-content\/uploads\/2023\/08\/Star-02.png\u00bb title_text=\u00bbStar 02&#8243; align=\u00bbcenter\u00bb _builder_version=\u00bb4.21.2&#8243; _module_preset=\u00bbdefault\u00bb positioning=\u00bbabsolute\u00bb position_origin_a=\u00bbbottom_right\u00bb vertical_offset=\u00bb5%\u00bb horizontal_offset=\u00bb-60%\u00bb z_index=\u00bb-500&#8243; vertical_offset_tablet=\u00bb5%\u00bb vertical_offset_phone=\u00bb5%\u00bb vertical_offset_last_edited=\u00bbon|phone\u00bb horizontal_offset_tablet=\u00bb0%\u00bb horizontal_offset_phone=\u00bb-15%\u00bb horizontal_offset_last_edited=\u00bbon|desktop\u00bb position_origin_a_tablet=\u00bbbottom_right\u00bb position_origin_a_phone=\u00bbbottom_right\u00bb position_origin_a_last_edited=\u00bbon|desktop\u00bb position_origin_f_tablet=\u00bb\u00bb position_origin_f_phone=\u00bb\u00bb position_origin_f_last_edited=\u00bbon|desktop\u00bb position_origin_r_tablet=\u00bb\u00bb position_origin_r_phone=\u00bb\u00bb position_origin_r_last_edited=\u00bbon|desktop\u00bb width=\u00bb100%\u00bb scroll_rotating_enable=\u00bbon\u00bb positioning_tablet=\u00bbrelative\u00bb positioning_phone=\u00bbrelative\u00bb positioning_last_edited=\u00bbon|phone\u00bb global_colors_info=\u00bb{}\u00bb][\/et_pb_image][\/et_pb_column][et_pb_column type=\u00bb2_5&#8243; _builder_version=\u00bb4.21.0&#8243; _module_preset=\u00bbdefault\u00bb custom_padding=\u00bb|1%||1%|false|true\u00bb custom_padding_tablet=\u00bb|5%||5%|false|true\u00bb custom_padding_phone=\u00bb|5%||5%|false|true\u00bb custom_padding_last_edited=\u00bbon|phone\u00bb global_colors_info=\u00bb{}\u00bb][\/et_pb_column][\/et_pb_row][\/et_pb_section]<\/p>\n","protected":false},"excerpt":{"rendered":"<p>FAQSUn curso intensivo de idiomas es un programa que ofrece una instrucci\u00f3n enfocada en el idioma con un ritmo de aprendizaje acelerado y dise\u00f1ado\u00a0\u00a0para ayudar a los estudiantes a lograr un progreso significativo en un per\u00edodo relativamente corto de tiempo.La duraci\u00f3n de los cursos intensivos de espa\u00f1ol var\u00eda de 4 a 6 semanas. La duraci\u00f3n [&hellip;]<\/p>\n","protected":false},"author":1,"featured_media":0,"parent":0,"menu_order":0,"comment_status":"closed","ping_status":"closed","template":"","meta":{"_et_pb_use_builder":"on","_et_pb_old_content":"","_et_gb_content_width":"","_uf_show_specific_survey":0,"_uf_disable_surveys":false,"footnotes":""},"class_list":["post-256663","page","type-page","status-publish","hentry"],"aioseo_notices":[],"yoast_head":"<!-- This site is optimized with the Yoast SEO plugin v27.4 - https:\/\/yoast.com\/product\/yoast-seo-wordpress\/ -->\n<title>Faqs | Versa Spanish Academy<\/title>\n<meta name=\"description\" content=\"Resuelve tus dudas con las FAQ de Versa Academia de Espa\u00f1ol. Encuentra respuestas sobre cursos, m\u00e9todos de ense\u00f1anza y m\u00e1s\" \/>\n<meta name=\"robots\" content=\"index, follow, max-snippet:-1, max-image-preview:large, max-video-preview:-1\" \/>\n<link rel=\"canonical\" href=\"https:\/\/www.versaspanish.com\/es\/preguntas-mas-frecuentes\/\" \/>\n<meta property=\"og:locale\" content=\"es_ES\" \/>\n<meta property=\"og:type\" content=\"article\" \/>\n<meta property=\"og:title\" content=\"Faqs | Versa Spanish Academy\" \/>\n<meta property=\"og:description\" content=\"Resuelve tus dudas con las FAQ de Versa Academia de Espa\u00f1ol. Encuentra respuestas sobre cursos, m\u00e9todos de ense\u00f1anza y m\u00e1s\" \/>\n<meta property=\"og:url\" content=\"https:\/\/www.versaspanish.com\/es\/preguntas-mas-frecuentes\/\" \/>\n<meta property=\"og:site_name\" content=\"Versa Spanish Academy\" \/>\n<meta property=\"article:publisher\" content=\"https:\/\/www.facebook.com\/people\/VERSA-Spanish-Academy\/100093965569063\/\" \/>\n<meta property=\"article:modified_time\" content=\"2024-07-23T10:55:01+00:00\" \/>\n<meta property=\"og:image\" content=\"https:\/\/www.versaspanish.com\/wp-content\/uploads\/2023\/07\/Versa-Logo-Landing.png\" \/>\n\t<meta property=\"og:image:width\" content=\"2400\" \/>\n\t<meta property=\"og:image:height\" content=\"565\" \/>\n\t<meta property=\"og:image:type\" content=\"image\/png\" \/>\n<meta name=\"twitter:card\" content=\"summary_large_image\" \/>\n<meta name=\"twitter:label1\" content=\"Tiempo de lectura\" \/>\n\t<meta name=\"twitter:data1\" content=\"3 minutos\" \/>\n<script type=\"application\/ld+json\" class=\"yoast-schema-graph\">{\"@context\":\"https:\\\/\\\/schema.org\",\"@graph\":[{\"@type\":\"WebPage\",\"@id\":\"https:\\\/\\\/www.versaspanish.com\\\/es\\\/preguntas-mas-frecuentes\\\/\",\"url\":\"https:\\\/\\\/www.versaspanish.com\\\/es\\\/preguntas-mas-frecuentes\\\/\",\"name\":\"Faqs | Versa Spanish Academy\",\"isPartOf\":{\"@id\":\"https:\\\/\\\/www.versaspanish.com\\\/es\\\/#website\"},\"datePublished\":\"2023-08-10T08:20:14+00:00\",\"dateModified\":\"2024-07-23T10:55:01+00:00\",\"description\":\"Resuelve tus dudas con las FAQ de Versa Academia de Espa\u00f1ol. Encuentra respuestas sobre cursos, m\u00e9todos de ense\u00f1anza y m\u00e1s\",\"breadcrumb\":{\"@id\":\"https:\\\/\\\/www.versaspanish.com\\\/es\\\/preguntas-mas-frecuentes\\\/#breadcrumb\"},\"inLanguage\":\"es\",\"potentialAction\":[{\"@type\":\"ReadAction\",\"target\":[\"https:\\\/\\\/www.versaspanish.com\\\/es\\\/preguntas-mas-frecuentes\\\/\"]}]},{\"@type\":\"BreadcrumbList\",\"@id\":\"https:\\\/\\\/www.versaspanish.com\\\/es\\\/preguntas-mas-frecuentes\\\/#breadcrumb\",\"itemListElement\":[{\"@type\":\"ListItem\",\"position\":1,\"name\":\"Home\",\"item\":\"https:\\\/\\\/www.versaspanish.com\\\/es\\\/\"},{\"@type\":\"ListItem\",\"position\":2,\"name\":\"Faqs\"}]},{\"@type\":\"WebSite\",\"@id\":\"https:\\\/\\\/www.versaspanish.com\\\/es\\\/#website\",\"url\":\"https:\\\/\\\/www.versaspanish.com\\\/es\\\/\",\"name\":\"Versa Spanish Academy\",\"description\":\"Spanish Academy at Gij\u00f3n\",\"publisher\":{\"@id\":\"https:\\\/\\\/www.versaspanish.com\\\/es\\\/#organization\"},\"potentialAction\":[{\"@type\":\"SearchAction\",\"target\":{\"@type\":\"EntryPoint\",\"urlTemplate\":\"https:\\\/\\\/www.versaspanish.com\\\/es\\\/?s={search_term_string}\"},\"query-input\":{\"@type\":\"PropertyValueSpecification\",\"valueRequired\":true,\"valueName\":\"search_term_string\"}}],\"inLanguage\":\"es\"},{\"@type\":\"Organization\",\"@id\":\"https:\\\/\\\/www.versaspanish.com\\\/es\\\/#organization\",\"name\":\"Versa Spanish Academy\",\"url\":\"https:\\\/\\\/www.versaspanish.com\\\/es\\\/\",\"logo\":{\"@type\":\"ImageObject\",\"inLanguage\":\"es\",\"@id\":\"https:\\\/\\\/www.versaspanish.com\\\/es\\\/#\\\/schema\\\/logo\\\/image\\\/\",\"url\":\"https:\\\/\\\/www.versaspanish.com\\\/wp-content\\\/uploads\\\/2023\\\/07\\\/Versa-Logo-Landing.png\",\"contentUrl\":\"https:\\\/\\\/www.versaspanish.com\\\/wp-content\\\/uploads\\\/2023\\\/07\\\/Versa-Logo-Landing.png\",\"width\":2400,\"height\":565,\"caption\":\"Versa Spanish Academy\"},\"image\":{\"@id\":\"https:\\\/\\\/www.versaspanish.com\\\/es\\\/#\\\/schema\\\/logo\\\/image\\\/\"},\"sameAs\":[\"https:\\\/\\\/www.facebook.com\\\/people\\\/VERSA-Spanish-Academy\\\/100093965569063\\\/\",\"https:\\\/\\\/www.instagram.com\\\/versaspanishacademy\\\/\"]}]}<\/script>\n<!-- \/ Yoast SEO plugin. -->","yoast_head_json":{"title":"Faqs | Versa Spanish Academy","description":"Resuelve tus dudas con las FAQ de Versa Academia de Espa\u00f1ol. Encuentra respuestas sobre cursos, m\u00e9todos de ense\u00f1anza y m\u00e1s","robots":{"index":"index","follow":"follow","max-snippet":"max-snippet:-1","max-image-preview":"max-image-preview:large","max-video-preview":"max-video-preview:-1"},"canonical":"https:\/\/www.versaspanish.com\/es\/preguntas-mas-frecuentes\/","og_locale":"es_ES","og_type":"article","og_title":"Faqs | Versa Spanish Academy","og_description":"Resuelve tus dudas con las FAQ de Versa Academia de Espa\u00f1ol. Encuentra respuestas sobre cursos, m\u00e9todos de ense\u00f1anza y m\u00e1s","og_url":"https:\/\/www.versaspanish.com\/es\/preguntas-mas-frecuentes\/","og_site_name":"Versa Spanish Academy","article_publisher":"https:\/\/www.facebook.com\/people\/VERSA-Spanish-Academy\/100093965569063\/","article_modified_time":"2024-07-23T10:55:01+00:00","og_image":[{"width":2400,"height":565,"url":"https:\/\/www.versaspanish.com\/wp-content\/uploads\/2023\/07\/Versa-Logo-Landing.png","type":"image\/png"}],"twitter_card":"summary_large_image","twitter_misc":{"Tiempo de lectura":"3 minutos"},"schema":{"@context":"https:\/\/schema.org","@graph":[{"@type":"WebPage","@id":"https:\/\/www.versaspanish.com\/es\/preguntas-mas-frecuentes\/","url":"https:\/\/www.versaspanish.com\/es\/preguntas-mas-frecuentes\/","name":"Faqs | Versa Spanish Academy","isPartOf":{"@id":"https:\/\/www.versaspanish.com\/es\/#website"},"datePublished":"2023-08-10T08:20:14+00:00","dateModified":"2024-07-23T10:55:01+00:00","description":"Resuelve tus dudas con las FAQ de Versa Academia de Espa\u00f1ol. Encuentra respuestas sobre cursos, m\u00e9todos de ense\u00f1anza y m\u00e1s","breadcrumb":{"@id":"https:\/\/www.versaspanish.com\/es\/preguntas-mas-frecuentes\/#breadcrumb"},"inLanguage":"es","potentialAction":[{"@type":"ReadAction","target":["https:\/\/www.versaspanish.com\/es\/preguntas-mas-frecuentes\/"]}]},{"@type":"BreadcrumbList","@id":"https:\/\/www.versaspanish.com\/es\/preguntas-mas-frecuentes\/#breadcrumb","itemListElement":[{"@type":"ListItem","position":1,"name":"Home","item":"https:\/\/www.versaspanish.com\/es\/"},{"@type":"ListItem","position":2,"name":"Faqs"}]},{"@type":"WebSite","@id":"https:\/\/www.versaspanish.com\/es\/#website","url":"https:\/\/www.versaspanish.com\/es\/","name":"Versa Spanish Academy","description":"Spanish Academy at Gij\u00f3n","publisher":{"@id":"https:\/\/www.versaspanish.com\/es\/#organization"},"potentialAction":[{"@type":"SearchAction","target":{"@type":"EntryPoint","urlTemplate":"https:\/\/www.versaspanish.com\/es\/?s={search_term_string}"},"query-input":{"@type":"PropertyValueSpecification","valueRequired":true,"valueName":"search_term_string"}}],"inLanguage":"es"},{"@type":"Organization","@id":"https:\/\/www.versaspanish.com\/es\/#organization","name":"Versa Spanish Academy","url":"https:\/\/www.versaspanish.com\/es\/","logo":{"@type":"ImageObject","inLanguage":"es","@id":"https:\/\/www.versaspanish.com\/es\/#\/schema\/logo\/image\/","url":"https:\/\/www.versaspanish.com\/wp-content\/uploads\/2023\/07\/Versa-Logo-Landing.png","contentUrl":"https:\/\/www.versaspanish.com\/wp-content\/uploads\/2023\/07\/Versa-Logo-Landing.png","width":2400,"height":565,"caption":"Versa Spanish Academy"},"image":{"@id":"https:\/\/www.versaspanish.com\/es\/#\/schema\/logo\/image\/"},"sameAs":["https:\/\/www.facebook.com\/people\/VERSA-Spanish-Academy\/100093965569063\/","https:\/\/www.instagram.com\/versaspanishacademy\/"]}]}},"_links":{"self":[{"href":"https:\/\/www.versaspanish.com\/es\/wp-json\/wp\/v2\/pages\/256663","targetHints":{"allow":["GET"]}}],"collection":[{"href":"https:\/\/www.versaspanish.com\/es\/wp-json\/wp\/v2\/pages"}],"about":[{"href":"https:\/\/www.versaspanish.com\/es\/wp-json\/wp\/v2\/types\/page"}],"author":[{"embeddable":true,"href":"https:\/\/www.versaspanish.com\/es\/wp-json\/wp\/v2\/users\/1"}],"replies":[{"embeddable":true,"href":"https:\/\/www.versaspanish.com\/es\/wp-json\/wp\/v2\/comments?post=256663"}],"version-history":[{"count":39,"href":"https:\/\/www.versaspanish.com\/es\/wp-json\/wp\/v2\/pages\/256663\/revisions"}],"predecessor-version":[{"id":258438,"href":"https:\/\/www.versaspanish.com\/es\/wp-json\/wp\/v2\/pages\/256663\/revisions\/258438"}],"wp:attachment":[{"href":"https:\/\/www.versaspanish.com\/es\/wp-json\/wp\/v2\/media?parent=256663"}],"curies":[{"name":"wp","href":"https:\/\/api.w.org\/{rel}","templated":true}]}}